{"id":136,"date":"2022-04-25T18:20:26","date_gmt":"2022-04-25T23:20:26","guid":{"rendered":"https:\/\/valkyrie.mx\/?post_type=product&#038;p=136"},"modified":"2026-03-18T13:32:15","modified_gmt":"2026-03-18T19:32:15","slug":"sueno-profundo","status":"publish","type":"product","link":"https:\/\/valkyrie.mx\/en\/product\/sueno-profundo\/","title":{"rendered":"Sue\u00f1o Profundo"},"content":{"rendered":"<p>Dormir\u00e1s como beb\u00e9 con esta mezcla herbal. Con esta mezcla tendr\u00e1s un sue\u00f1o absolutamente reparador.<\/p>\n<p>&nbsp;<\/p>\n<p>Origen: Varios Pa\u00edses<\/p>\n<p>&nbsp;<\/p>\n<p>Ingredientes:<\/p>\n<ul>\n<li>Valerian<\/li>\n<li>Rose Hip<\/li>\n<li>Peppermint<\/li>\n<li>Rose Hip<\/li>\n<li>Manzanilla egipcia<\/li>\n<li>Lavender<\/li>\n<li>Apple<\/li>\n<\/ul>","protected":false},"excerpt":{"rendered":"<p>Dormir\u00e1s como beb\u00e9 con esta mezcla herbal. Con esta mezcla tendr\u00e1s un sue\u00f1o absolutamente reparador.<\/p>\n<p>&nbsp;<\/p>\n<p>Ingredientes:<\/p>\n<ul>\n<li>Valerian<\/li>\n<li>Rose Hip<\/li>\n<li>Peppermint<\/li>\n<li>Rose Hip<\/li>\n<li>Manzanilla egipcia<\/li>\n<li>Lavender<\/li>\n<li>Apple<\/li>\n<\/ul>","protected":false},"featured_media":5303,"comment_status":"open","ping_status":"closed","template":"","meta":[],"product_brand":[],"product_cat":[104,105],"product_tag":[],"class_list":{"0":"post-136","1":"product","2":"type-product","3":"status-publish","4":"has-post-thumbnail","6":"product_cat-mezcla-herbal","7":"product_cat-todos","9":"first","10":"instock","11":"shipping-taxable","12":"purchasable","13":"product-type-simple"},"_links":{"self":[{"href":"https:\/\/valkyrie.mx\/en\/wp-json\/wp\/v2\/product\/136","targetHints":{"allow":["GET"]}}],"collection":[{"href":"https:\/\/valkyrie.mx\/en\/wp-json\/wp\/v2\/product"}],"about":[{"href":"https:\/\/valkyrie.mx\/en\/wp-json\/wp\/v2\/types\/product"}],"replies":[{"embeddable":true,"href":"https:\/\/valkyrie.mx\/en\/wp-json\/wp\/v2\/comments?post=136"}],"wp:featuredmedia":[{"embeddable":true,"href":"https:\/\/valkyrie.mx\/en\/wp-json\/wp\/v2\/media\/5303"}],"wp:attachment":[{"href":"https:\/\/valkyrie.mx\/en\/wp-json\/wp\/v2\/media?parent=136"}],"wp:term":[{"taxonomy":"product_brand","embeddable":true,"href":"https:\/\/valkyrie.mx\/en\/wp-json\/wp\/v2\/product_brand?post=136"},{"taxonomy":"product_cat","embeddable":true,"href":"https:\/\/valkyrie.mx\/en\/wp-json\/wp\/v2\/product_cat?post=136"},{"taxonomy":"product_tag","embeddable":true,"href":"https:\/\/valkyrie.mx\/en\/wp-json\/wp\/v2\/product_tag?post=136"}],"curies":[{"name":"wp","href":"https:\/\/api.w.org\/{rel}","templated":true}]}}