{"id":135,"date":"2022-04-25T18:16:58","date_gmt":"2022-04-25T23:16:58","guid":{"rendered":"https:\/\/valkyrie.mx\/?post_type=product&#038;p=135"},"modified":"2023-03-07T11:12:37","modified_gmt":"2023-03-07T17:12:37","slug":"rooibos-crema-dulce","status":"publish","type":"product","link":"https:\/\/valkyrie.mx\/en\/product\/rooibos-crema-dulce\/","title":{"rendered":"Rooibos Crema Dulce"},"content":{"rendered":"<p>Una mezcla especial muy deliciosa a base de hierbas y frutas que contiene rooibos (arbusto rojo) org\u00e1nicos de Sud\u00e1frica. \u00a0No contiene cafe\u00edna ni Te\u00edna as\u00ed que puedes disfrutarlo a cualquier hora del d\u00eda.<\/p>\n<p>&nbsp;<\/p>\n<p>Origen: Sud\u00e1frica<\/p>\n<p>&nbsp;<\/p>\n<p>Ingredientes:<\/p>\n<ul>\n<li>Rooibos (Aspalathus linearis)<\/li>\n<li>Apple<\/li>\n<li>Cinnamon<\/li>\n<li>Flor de azafr\u00e1n<\/li>\n<\/ul>","protected":false},"excerpt":{"rendered":"<p>Una mezcla especial muy deliciosa a base de hierbas y frutas que contiene rooibos (arbusto rojo) org\u00e1nicos de Sud\u00e1frica. \u00a0No contiene cafe\u00edna ni Te\u00edna as\u00ed que puedes disfrutarlo a cualquier hora del d\u00eda.<\/p>\n<p>&nbsp;<\/p>\n<p>Ingredientes:<\/p>\n<ul>\n<li>Rooibos (Aspalathus linearis)<\/li>\n<li>Apple<\/li>\n<li>Cinnamon<\/li>\n<li>Flor de azafr\u00e1n<\/li>\n<\/ul>","protected":false},"featured_media":5302,"comment_status":"open","ping_status":"closed","template":"","meta":[],"product_brand":[],"product_cat":[103,105],"product_tag":[],"class_list":{"0":"post-135","1":"product","2":"type-product","3":"status-publish","4":"has-post-thumbnail","6":"product_cat-tisana","7":"product_cat-todos","9":"first","10":"instock","11":"shipping-taxable","12":"purchasable","13":"product-type-simple"},"_links":{"self":[{"href":"https:\/\/valkyrie.mx\/en\/wp-json\/wp\/v2\/product\/135","targetHints":{"allow":["GET"]}}],"collection":[{"href":"https:\/\/valkyrie.mx\/en\/wp-json\/wp\/v2\/product"}],"about":[{"href":"https:\/\/valkyrie.mx\/en\/wp-json\/wp\/v2\/types\/product"}],"replies":[{"embeddable":true,"href":"https:\/\/valkyrie.mx\/en\/wp-json\/wp\/v2\/comments?post=135"}],"wp:featuredmedia":[{"embeddable":true,"href":"https:\/\/valkyrie.mx\/en\/wp-json\/wp\/v2\/media\/5302"}],"wp:attachment":[{"href":"https:\/\/valkyrie.mx\/en\/wp-json\/wp\/v2\/media?parent=135"}],"wp:term":[{"taxonomy":"product_brand","embeddable":true,"href":"https:\/\/valkyrie.mx\/en\/wp-json\/wp\/v2\/product_brand?post=135"},{"taxonomy":"product_cat","embeddable":true,"href":"https:\/\/valkyrie.mx\/en\/wp-json\/wp\/v2\/product_cat?post=135"},{"taxonomy":"product_tag","embeddable":true,"href":"https:\/\/valkyrie.mx\/en\/wp-json\/wp\/v2\/product_tag?post=135"}],"curies":[{"name":"wp","href":"https:\/\/api.w.org\/{rel}","templated":true}]}}