{"id":133,"date":"2022-04-25T18:10:21","date_gmt":"2022-04-25T23:10:21","guid":{"rendered":"https:\/\/valkyrie.mx\/?post_type=product&#038;p=133"},"modified":"2023-03-07T11:13:11","modified_gmt":"2023-03-07T17:13:11","slug":"esto-es-mexico","status":"publish","type":"product","link":"https:\/\/valkyrie.mx\/en\/product\/esto-es-mexico\/","title":{"rendered":"Esto Es M\u00e9xico"},"content":{"rendered":"<p>Tisana altamente mexicana, con frutas t\u00edpicas de M\u00e9xico que te har\u00e1n sentir las delicias de nuestro pa\u00eds.<\/p>\n<p>&nbsp;<\/p>\n<p>Origen: M\u00e9xico<\/p>\n<p>&nbsp;<\/p>\n<p>Ingredientes:<\/p>\n<ul>\n<li>Blackberry<\/li>\n<li>Raspberry<\/li>\n<li>Apple<\/li>\n<li>Roselle flower<\/li>\n<\/ul>","protected":false},"excerpt":{"rendered":"<p>Tisana altamente mexicana, con frutas t\u00edpicas de M\u00e9xico que te har\u00e1n sentir las delicias de nuestro pa\u00eds.<\/p>\n<p>&nbsp;<\/p>\n<p>Ingredientes:<\/p>\n<ul>\n<li>Blackberry<\/li>\n<li>Raspberry<\/li>\n<li>Apple<\/li>\n<li>Roselle flower<\/li>\n<\/ul>","protected":false},"featured_media":5300,"comment_status":"open","ping_status":"closed","template":"","meta":[],"product_brand":[],"product_cat":[103,105],"product_tag":[],"class_list":{"0":"post-133","1":"product","2":"type-product","3":"status-publish","4":"has-post-thumbnail","6":"product_cat-tisana","7":"product_cat-todos","9":"first","10":"instock","11":"shipping-taxable","12":"purchasable","13":"product-type-simple"},"_links":{"self":[{"href":"https:\/\/valkyrie.mx\/en\/wp-json\/wp\/v2\/product\/133","targetHints":{"allow":["GET"]}}],"collection":[{"href":"https:\/\/valkyrie.mx\/en\/wp-json\/wp\/v2\/product"}],"about":[{"href":"https:\/\/valkyrie.mx\/en\/wp-json\/wp\/v2\/types\/product"}],"replies":[{"embeddable":true,"href":"https:\/\/valkyrie.mx\/en\/wp-json\/wp\/v2\/comments?post=133"}],"wp:featuredmedia":[{"embeddable":true,"href":"https:\/\/valkyrie.mx\/en\/wp-json\/wp\/v2\/media\/5300"}],"wp:attachment":[{"href":"https:\/\/valkyrie.mx\/en\/wp-json\/wp\/v2\/media?parent=133"}],"wp:term":[{"taxonomy":"product_brand","embeddable":true,"href":"https:\/\/valkyrie.mx\/en\/wp-json\/wp\/v2\/product_brand?post=133"},{"taxonomy":"product_cat","embeddable":true,"href":"https:\/\/valkyrie.mx\/en\/wp-json\/wp\/v2\/product_cat?post=133"},{"taxonomy":"product_tag","embeddable":true,"href":"https:\/\/valkyrie.mx\/en\/wp-json\/wp\/v2\/product_tag?post=133"}],"curies":[{"name":"wp","href":"https:\/\/api.w.org\/{rel}","templated":true}]}}