{"id":124,"date":"2022-04-25T17:56:19","date_gmt":"2022-04-25T22:56:19","guid":{"rendered":"https:\/\/valkyrie.mx\/?post_type=product&#038;p=124"},"modified":"2023-03-07T11:13:48","modified_gmt":"2023-03-07T17:13:48","slug":"arandafresa","status":"publish","type":"product","link":"https:\/\/valkyrie.mx\/en\/product\/arandafresa\/","title":{"rendered":"Arandafresa"},"content":{"rendered":"<p>Una mezcla \u00fanica frutal que te dejar\u00e1n una sensaci\u00f3n muy especial.<\/p>\n<p>&nbsp;<\/p>\n<p>Origen: M\u00e9xico<\/p>\n<p>&nbsp;<\/p>\n<p>Ingredientes:<\/p>\n<ul>\n<li>Blueberry<\/li>\n<li>Apple<\/li>\n<li>Roselle flower<\/li>\n<li>Esencia de fresa<\/li>\n<\/ul>","protected":false},"excerpt":{"rendered":"<p>Una mezcla \u00fanica frutal que te dejar\u00e1n una sensaci\u00f3n muy especial.<\/p>\n<p>&nbsp;<\/p>\n<p>Ingredientes:<\/p>\n<ul>\n<li>Blueberry<\/li>\n<li>Apple<\/li>\n<li>Roselle flower<\/li>\n<li>Esencia de fresa<\/li>\n<\/ul>","protected":false},"featured_media":5298,"comment_status":"open","ping_status":"closed","template":"","meta":[],"product_brand":[],"product_cat":[103,105],"product_tag":[],"class_list":{"0":"post-124","1":"product","2":"type-product","3":"status-publish","4":"has-post-thumbnail","6":"product_cat-tisana","7":"product_cat-todos","9":"first","10":"instock","11":"shipping-taxable","12":"purchasable","13":"product-type-simple"},"_links":{"self":[{"href":"https:\/\/valkyrie.mx\/en\/wp-json\/wp\/v2\/product\/124","targetHints":{"allow":["GET"]}}],"collection":[{"href":"https:\/\/valkyrie.mx\/en\/wp-json\/wp\/v2\/product"}],"about":[{"href":"https:\/\/valkyrie.mx\/en\/wp-json\/wp\/v2\/types\/product"}],"replies":[{"embeddable":true,"href":"https:\/\/valkyrie.mx\/en\/wp-json\/wp\/v2\/comments?post=124"}],"wp:featuredmedia":[{"embeddable":true,"href":"https:\/\/valkyrie.mx\/en\/wp-json\/wp\/v2\/media\/5298"}],"wp:attachment":[{"href":"https:\/\/valkyrie.mx\/en\/wp-json\/wp\/v2\/media?parent=124"}],"wp:term":[{"taxonomy":"product_brand","embeddable":true,"href":"https:\/\/valkyrie.mx\/en\/wp-json\/wp\/v2\/product_brand?post=124"},{"taxonomy":"product_cat","embeddable":true,"href":"https:\/\/valkyrie.mx\/en\/wp-json\/wp\/v2\/product_cat?post=124"},{"taxonomy":"product_tag","embeddable":true,"href":"https:\/\/valkyrie.mx\/en\/wp-json\/wp\/v2\/product_tag?post=124"}],"curies":[{"name":"wp","href":"https:\/\/api.w.org\/{rel}","templated":true}]}}