{"id":4680,"date":"2022-06-30T12:45:30","date_gmt":"2022-06-30T17:45:30","guid":{"rendered":"https:\/\/valkyrie.mx\/?page_id=4680"},"modified":"2022-11-08T09:42:53","modified_gmt":"2022-11-08T15:42:53","slug":"backup-de-secciones","status":"publish","type":"page","link":"https:\/\/valkyrie.mx\/en\/backup-de-secciones\/","title":{"rendered":"BackUp de secciones"},"content":{"rendered":"<div data-elementor-type=\"wp-page\" data-elementor-id=\"4680\" class=\"elementor elementor-4680\">\n\t\t\t\t\t\t<section class=\"elementor-section elementor-top-section elementor-element elementor-element-6986cb9 elementor-section-full_width elementor-section-height-default elementor-section-height-default qodef-elementor-content-no\" data-id=\"6986cb9\" data-element_type=\"section\" data-e-type=\"section\" data-settings=\"{&quot;background_background&quot;:&quot;classic&quot;}\">\n\t\t\t\t\t\t<div class=\"elementor-container elementor-column-gap-default\">\n\t\t\t\t\t<div class=\"elementor-column elementor-col-100 elementor-top-column elementor-element elementor-element-cca6318\" data-id=\"cca6318\" data-element_type=\"column\" data-e-type=\"column\" data-settings=\"{&quot;background_background&quot;:&quot;classic&quot;}\">\n\t\t\t<div class=\"elementor-widget-wrap elementor-element-populated\">\n\t\t\t\t\t\t<section class=\"elementor-section elementor-inner-section elementor-element elementor-element-c68bf0c qodef-elementor-content-grid elementor-section-boxed elementor-section-height-default elementor-section-height-default\" data-id=\"c68bf0c\" data-element_type=\"section\" data-e-type=\"section\">\n\t\t\t\t\t\t<div class=\"elementor-container elementor-column-gap-default\">\n\t\t\t\t\t<div class=\"elementor-column elementor-col-50 elementor-inner-column elementor-element elementor-element-4c78ac8 qodef-custom\" data-id=\"4c78ac8\" data-element_type=\"column\" data-e-type=\"column\">\n\t\t\t<div class=\"elementor-widget-wrap elementor-element-populated\">\n\t\t\t\t\n\n\t\t<div class=\"elementor-element elementor-element-b375347 elementor-widget elementor-widget-sante_core_section_title\" data-id=\"b375347\" data-element_type=\"widget\" data-e-type=\"widget\" data-widget_type=\"sante_core_section_title.default\">\n\t\t\t\t<div class=\"elementor-widget-container\">\n\t\t\t\t\t<div class=\"qodef-shortcode qodef-m  qodef-section-title qodef-alignment--left\">\n\t\t\t\t<h3 class=\"qodef-m-title\" >\n\t\t\t\t\tContact us\t\t\t<\/h3>\n\t\t<p class=\"qodef-m-text\" style=\"margin: 11px 0 -10px 0\">Alienum phaedrum torquatos nec eu, detr periculis ex, nihil expetendis in mei. Mei an pericula euripidis hinc partem ei estos.<\/p>\n\t\t    <div class=\"qodef-st-underline\">\n        <span class=\"qodef-st-underline-line\" ><\/span>\n    <\/div>\n<\/div>\t\t\t\t<\/div>\n\t\t\t\t<\/div>\n\t\t\t\t<div class=\"elementor-element elementor-element-7c24d10 elementor-widget elementor-widget-sante_core_icon_list_item\" data-id=\"7c24d10\" data-element_type=\"widget\" data-e-type=\"widget\" data-widget_type=\"sante_core_icon_list_item.default\">\n\t\t\t\t<div class=\"elementor-widget-container\">\n\t\t\t\t\t<div class=\"qodef-icon-list-item qodef-icon--icon-pack\" >\n\t<p class=\"qodef-e-title\" >\n\t\t\t\t\t<a itemprop=\"url\" href=\"https:\/\/www.google.com\/maps\/place\/27+Rue+du+Calvaire,+60000+Till%C3%A9,+France\/@49.4674853,2.1140513,17z\/data=!3m1!4b1!4m5!3m4!1s0x47e7070a0dade3c9:0xa6e0b3fc2525e147!8m2!3d49.4674818!4d2.11624\" target=\"_blank\">\n\t\t\t\t\t<span class=\"qodef-e-title-inner\">\n\t\t\t\t<span class=\"qodef-shortcode qodef-m  qodef-icon-holder  qodef-layout--normal\"  >\t        <span class=\"qodef-icon-linear-icons lnr-apartment lnr qodef-icon qodef-e\" style=\"color: #68745C;font-size: 18px\" ><\/span>    <\/span>\t\t\t\t<span class=\"qodef-e-title-text\">27 Rue du Aire 60000 Till\u00e9, France<\/span>\n\t\t\t<\/span>\n\t\t\t\t\t<\/a>\n\t\t\t<\/p>\n<\/div>\t\t\t\t<\/div>\n\t\t\t\t<\/div>\n\t\t\t\t<div class=\"elementor-element elementor-element-6c6fb34 elementor-widget elementor-widget-sante_core_icon_list_item\" data-id=\"6c6fb34\" data-element_type=\"widget\" data-e-type=\"widget\" data-widget_type=\"sante_core_icon_list_item.default\">\n\t\t\t\t<div class=\"elementor-widget-container\">\n\t\t\t\t\t<div class=\"qodef-icon-list-item qodef-icon--icon-pack\" >\n\t<p class=\"qodef-e-title\" >\n\t\t\t\t\t<a itemprop=\"url\" href=\"https:\/\/www.google.com\/maps\/place\/27+Rue+du+Calvaire,+60000+Till%C3%A9,+France\/@49.4674853,2.1140513,17z\/data=!3m1!4b1!4m5!3m4!1s0x47e7070a0dade3c9:0xa6e0b3fc2525e147!8m2!3d49.4674818!4d2.11624\" target=\"_self\">\n\t\t\t\t\t<span class=\"qodef-e-title-inner\">\n\t\t\t\t<span class=\"qodef-shortcode qodef-m  qodef-icon-holder  qodef-layout--normal\"  >\t        <span class=\"qodef-icon-linear-icons lnr-calendar-full lnr qodef-icon qodef-e\" style=\"color: #68745C;font-size: 18px\" ><\/span>    <\/span>\t\t\t\t<span class=\"qodef-e-title-text\">Monday to Friday: 9am to 8pm<\/span>\n\t\t\t<\/span>\n\t\t\t\t\t<\/a>\n\t\t\t<\/p>\n<\/div>\t\t\t\t<\/div>\n\t\t\t\t<\/div>\n\t\t\t\t<div class=\"elementor-element elementor-element-20ef446 elementor-widget elementor-widget-sante_core_icon_list_item\" data-id=\"20ef446\" data-element_type=\"widget\" data-e-type=\"widget\" data-widget_type=\"sante_core_icon_list_item.default\">\n\t\t\t\t<div class=\"elementor-widget-container\">\n\t\t\t\t\t<div class=\"qodef-icon-list-item qodef-icon--icon-pack\" >\n\t<p class=\"qodef-e-title\" >\n\t\t\t\t\t<a itemprop=\"url\" href=\"mailto:%20sante@qodeinteractive.com\" target=\"_self\">\n\t\t\t\t\t<span class=\"qodef-e-title-inner\">\n\t\t\t\t<span class=\"qodef-shortcode qodef-m  qodef-icon-holder  qodef-layout--normal\"  >\t        <span class=\"qodef-icon-linear-icons lnr-envelope lnr qodef-icon qodef-e\" style=\"color: #68745C;font-size: 18px\" ><\/span>    <\/span>\t\t\t\t<span class=\"qodef-e-title-text\">sante@qodeinteractive.com<\/span>\n\t\t\t<\/span>\n\t\t\t\t\t<\/a>\n\t\t\t<\/p>\n<\/div>\t\t\t\t<\/div>\n\t\t\t\t<\/div>\n\t\t\t\t\t<\/div>\n\t\t<\/div>\n\t\t\t\t<div class=\"elementor-column elementor-col-50 elementor-inner-column elementor-element elementor-element-9c5dbda\" data-id=\"9c5dbda\" data-element_type=\"column\" data-e-type=\"column\">\n\t\t\t<div class=\"elementor-widget-wrap elementor-element-populated\">\n\t\t\t\t\t\t<div class=\"elementor-element elementor-element-07be3d7 elementor-widget elementor-widget-wp-widget-sante_core_contact_form_7\" data-id=\"07be3d7\" data-element_type=\"widget\" data-e-type=\"widget\" data-widget_type=\"wp-widget-sante_core_contact_form_7.default\">\n\t\t\t\t<div class=\"elementor-widget-container\">\n\t\t\t\t\t\t\t\t<div class=\"qodef-contact-form-7\">\n\t\t\t\t\n<div class=\"wpcf7 no-js\" id=\"wpcf7-f5-o1\" lang=\"es-MX\" dir=\"ltr\" data-wpcf7-id=\"5\">\n<div class=\"screen-reader-response\"><p role=\"status\" aria-live=\"polite\" aria-atomic=\"true\"><\/p> <ul><\/ul><\/div>\n<form action=\"\/en\/wp-json\/wp\/v2\/pages\/4680#wpcf7-f5-o1\" method=\"post\" class=\"wpcf7-form init\" aria-label=\"Formulario de contacto\" novalidate=\"novalidate\" data-status=\"init\" data-trp-original-action=\"\/en\/wp-json\/wp\/v2\/pages\/4680#wpcf7-f5-o1\">\n<fieldset class=\"hidden-fields-container\"><input type=\"hidden\" name=\"_wpcf7\" value=\"5\" \/><input type=\"hidden\" name=\"_wpcf7_version\" value=\"6.1.5\" \/><input type=\"hidden\" name=\"_wpcf7_locale\" value=\"es_MX\" \/><input type=\"hidden\" name=\"_wpcf7_unit_tag\" value=\"wpcf7-f5-o1\" \/><input type=\"hidden\" name=\"_wpcf7_container_post\" value=\"0\" \/><input type=\"hidden\" name=\"_wpcf7_posted_data_hash\" value=\"\" \/>\n<\/fieldset>\n<label> Name\n    <span class=\"wpcf7-form-control-wrap\" data-name=\"your-name\"><input size=\"40\" maxlength=\"400\" class=\"wpcf7-form-control wpcf7-text wpcf7-validates-as-required\" aria-required=\"true\" aria-invalid=\"false\" value=\"\" type=\"text\" name=\"your-name\" \/><\/span> <\/label>\n\n<label> Email\n    <span class=\"wpcf7-form-control-wrap\" data-name=\"your-email\"><input size=\"40\" maxlength=\"400\" class=\"wpcf7-form-control wpcf7-email wpcf7-validates-as-required wpcf7-text wpcf7-validates-as-email\" aria-required=\"true\" aria-invalid=\"false\" value=\"\" type=\"email\" name=\"your-email\" \/><\/span> <\/label>\n\n<label> Subject\n    <span class=\"wpcf7-form-control-wrap\" data-name=\"your-subject\"><input size=\"40\" maxlength=\"400\" class=\"wpcf7-form-control wpcf7-text wpcf7-validates-as-required\" aria-required=\"true\" aria-invalid=\"false\" value=\"\" type=\"text\" name=\"your-subject\" \/><\/span> <\/label>\n\n<label> Your message (optional)\n    <span class=\"wpcf7-form-control-wrap\" data-name=\"your-message\"><textarea cols=\"40\" rows=\"10\" maxlength=\"2000\" class=\"wpcf7-form-control wpcf7-textarea\" aria-invalid=\"false\" name=\"your-message\"><\/textarea><\/span> <\/label>\n\n<button class=\"wpcf7-form-control wpcf7-submit qodef-button qodef-size--normal qodef-layout--outlined qodef-html--link qodef-m\" type=\"submit\"><span class=\"qodef-button-outlined-wrapper\"><span class=\"qodef-m-text\">Send<\/span><\/span><span class=\"qodef-outlined-button-background\"><\/span><\/button><div class=\"wpcf7-response-output\" aria-hidden=\"true\"><\/div>\n<input type=\"hidden\" name=\"trp-form-language\" value=\"en\"\/><\/form>\n<\/div>\n\t\t\t<\/div>\n\t\t\t\t\t\t\t<\/div>\n\t\t\t\t<\/div>\n\t\t\t\t\t<\/div>\n\t\t<\/div>\n\t\t\t\t\t<\/div>\n\t\t<\/section>\n\t\t\t\t\t<\/div>\n\t\t<\/div>\n\t\t\t\t\t<\/div>\n\t\t<\/section>\n\t\t\t\t<section class=\"elementor-section elementor-top-section elementor-element elementor-element-6ddf5be elementor-section-content-middle elementor-reverse-tablet elementor-reverse-mobile elementor-section-boxed elementor-section-height-default elementor-section-height-default qodef-elementor-content-no\" data-id=\"6ddf5be\" data-element_type=\"section\" data-e-type=\"section\">\n\t\t\t\t\t\t<div class=\"elementor-container elementor-column-gap-no\">\n\t\t\t\t\t<div class=\"elementor-column elementor-col-100 elementor-top-column elementor-element elementor-element-f21cf60\" data-id=\"f21cf60\" data-element_type=\"column\" data-e-type=\"column\">\n\t\t\t<div class=\"elementor-widget-wrap elementor-element-populated\">\n\t\t\t\t\t\t<div class=\"elementor-element elementor-element-a557ea7 elementor-widget elementor-widget-heading\" data-id=\"a557ea7\" data-element_type=\"widget\" data-e-type=\"widget\" data-widget_type=\"heading.default\">\n\t\t\t\t<div class=\"elementor-widget-container\">\n\t\t\t\t\t<h3 class=\"elementor-heading-title elementor-size-default\">\u00danete a nuestra comunidad<\/h3>\t\t\t\t<\/div>\n\t\t\t\t<\/div>\n\t\t\t\t<div class=\"elementor-element elementor-element-292338f elementor-widget elementor-widget-text-editor\" data-id=\"292338f\" data-element_type=\"widget\" data-e-type=\"widget\" data-widget_type=\"text-editor.default\">\n\t\t\t\t<div class=\"elementor-widget-container\">\n\t\t\t\t\t\t\t\t\t<p>Suscr\u00edbete para recibir actualizaciones en tu correo<\/p>\t\t\t\t\t\t\t\t<\/div>\n\t\t\t\t<\/div>\n\t\t\t\t<div class=\"elementor-element elementor-element-c1701a9 elementor-widget elementor-widget-form\" data-id=\"c1701a9\" data-element_type=\"widget\" data-e-type=\"widget\" data-widget_type=\"form.default\">\n\t\t\t\t<div class=\"elementor-widget-container\">\n\t\t\t\t\t \t\t\t\t<\/div>\n\t\t\t\t<\/div>\n\t\t\t\t\t<\/div>\n\t\t<\/div>\n\t\t\t\t\t<\/div>\n\t\t<\/section>\n\t\t\t\t<section class=\"elementor-section elementor-top-section elementor-element elementor-element-5e7a986 elementor-section-boxed elementor-section-height-default elementor-section-height-default qodef-elementor-content-no\" data-id=\"5e7a986\" data-element_type=\"section\" data-e-type=\"section\">\n\t\t\t\t\t\t<div class=\"elementor-container elementor-column-gap-default\">\n\t\t\t\t\t<div class=\"elementor-column elementor-col-100 elementor-top-column elementor-element elementor-element-61c7978\" data-id=\"61c7978\" data-element_type=\"column\" data-e-type=\"column\">\n\t\t\t<div class=\"elementor-widget-wrap elementor-element-populated\">\n\t\t\t\t\t\t<section class=\"elementor-section elementor-inner-section elementor-element elementor-element-91eb96e qodef-elementor-content-grid elementor-section-boxed elementor-section-height-default elementor-section-height-default\" data-id=\"91eb96e\" data-element_type=\"section\" data-e-type=\"section\">\n\t\t\t\t\t\t<div class=\"elementor-container elementor-column-gap-default\">\n\t\t\t\t\t<div class=\"elementor-column elementor-col-50 elementor-inner-column elementor-element elementor-element-43ada8a\" data-id=\"43ada8a\" data-element_type=\"column\" data-e-type=\"column\">\n\t\t\t<div class=\"elementor-widget-wrap elementor-element-populated\">\n\t\t\t\t\t\t<div class=\"elementor-element elementor-element-9c02b89 elementor-widget elementor-widget-sante_core_video_button\" data-id=\"9c02b89\" data-element_type=\"widget\" data-e-type=\"widget\" data-widget_type=\"sante_core_video_button.default\">\n\t\t\t\t<div class=\"elementor-widget-container\">\n\t\t\t\t\t<div class=\"qodef-shortcode qodef-m  qodef-video-button qodef--has-img\">\n\t    <div class=\"qodef-m-image\">\n\t\t<img fetchpriority=\"high\" decoding=\"async\" width=\"1100\" height=\"803\" src=\"https:\/\/valkyrie.mx\/wp-content\/uploads\/2022\/07\/vid-01.jpg\" class=\"attachment-full size-full\" alt=\"\" srcset=\"https:\/\/valkyrie.mx\/wp-content\/uploads\/2022\/07\/vid-01.jpg 1100w, https:\/\/valkyrie.mx\/wp-content\/uploads\/2022\/07\/vid-01-300x219.jpg 300w, https:\/\/valkyrie.mx\/wp-content\/uploads\/2022\/07\/vid-01-1024x748.jpg 1024w, https:\/\/valkyrie.mx\/wp-content\/uploads\/2022\/07\/vid-01-768x561.jpg 768w, https:\/\/valkyrie.mx\/wp-content\/uploads\/2022\/07\/vid-01-600x438.jpg 600w\" sizes=\"(max-width: 1100px) 100vw, 1100px\" \/>    <\/div>\n\t\t<a itemprop=\"url\" class=\"qodef-m-play qodef-magnific-popup qodef-popup-item\" style=\"font-size: 170px\" href=\"https:\/\/vimeo.com\/63949423\" data-type=\"iframe\">\n\t\t<span class=\"qodef-m-play-inner\">\n\t\t\t<span class=\"qodef-icon-ionicons ion-ios-play\" ><\/span>\t\t<\/span>\n\t<\/a>\n<\/div>\t\t\t\t<\/div>\n\t\t\t\t<\/div>\n\t\t\t\t<div class=\"elementor-element elementor-element-a5a634f elementor-widget elementor-widget-sante_core_section_title\" data-id=\"a5a634f\" data-element_type=\"widget\" data-e-type=\"widget\" data-widget_type=\"sante_core_section_title.default\">\n\t\t\t\t<div class=\"elementor-widget-container\">\n\t\t\t\t\t<div class=\"qodef-shortcode qodef-m  qodef-section-title qodef-alignment--left\">\n\t\t\t\t<h4 class=\"qodef-m-title\" >\n\t\t\t\t\tPreparaci\u00f3n\t\t\t<\/h4>\n\t\t<p class=\"qodef-m-text\" style=\"margin: 10px 0 0 0\">Correctly prepare your drink following this guide.<\/p>\n\t\t<\/div>\t\t\t\t<\/div>\n\t\t\t\t<\/div>\n\t\t\t\t\t<\/div>\n\t\t<\/div>\n\t\t\t\t<div class=\"elementor-column elementor-col-50 elementor-inner-column elementor-element elementor-element-25fb563\" data-id=\"25fb563\" data-element_type=\"column\" data-e-type=\"column\">\n\t\t\t<div class=\"elementor-widget-wrap elementor-element-populated\">\n\t\t\t\t\t\t<div class=\"elementor-element elementor-element-33febf6 elementor-widget elementor-widget-sante_core_video_button\" data-id=\"33febf6\" data-element_type=\"widget\" data-e-type=\"widget\" data-widget_type=\"sante_core_video_button.default\">\n\t\t\t\t<div class=\"elementor-widget-container\">\n\t\t\t\t\t<div class=\"qodef-shortcode qodef-m  qodef-video-button qodef--has-img\">\n\t    <div class=\"qodef-m-image\">\n\t\t<img fetchpriority=\"high\" decoding=\"async\" width=\"1100\" height=\"803\" src=\"https:\/\/valkyrie.mx\/wp-content\/uploads\/2022\/07\/vid-01.jpg\" class=\"attachment-full size-full\" alt=\"\" srcset=\"https:\/\/valkyrie.mx\/wp-content\/uploads\/2022\/07\/vid-01.jpg 1100w, https:\/\/valkyrie.mx\/wp-content\/uploads\/2022\/07\/vid-01-300x219.jpg 300w, https:\/\/valkyrie.mx\/wp-content\/uploads\/2022\/07\/vid-01-1024x748.jpg 1024w, https:\/\/valkyrie.mx\/wp-content\/uploads\/2022\/07\/vid-01-768x561.jpg 768w, https:\/\/valkyrie.mx\/wp-content\/uploads\/2022\/07\/vid-01-600x438.jpg 600w\" sizes=\"(max-width: 1100px) 100vw, 1100px\" \/>    <\/div>\n\t\t<a itemprop=\"url\" class=\"qodef-m-play qodef-magnific-popup qodef-popup-item\" style=\"font-size: 170px\" href=\"https:\/\/vimeo.com\/214367582\" data-type=\"iframe\">\n\t\t<span class=\"qodef-m-play-inner\">\n\t\t\t<span class=\"qodef-icon-ionicons ion-ios-play\" ><\/span>\t\t<\/span>\n\t<\/a>\n<\/div>\t\t\t\t<\/div>\n\t\t\t\t<\/div>\n\t\t\t\t<div class=\"elementor-element elementor-element-65ccfae elementor-widget elementor-widget-sante_core_section_title\" data-id=\"65ccfae\" data-element_type=\"widget\" data-e-type=\"widget\" data-widget_type=\"sante_core_section_title.default\">\n\t\t\t\t<div class=\"elementor-widget-container\">\n\t\t\t\t\t<div class=\"qodef-shortcode qodef-m  qodef-section-title qodef-alignment--left\">\n\t\t\t\t<h4 class=\"qodef-m-title\" >\n\t\t\t\t\tPreparaci\u00f3n\t\t\t<\/h4>\n\t\t<p class=\"qodef-m-text\" style=\"margin: 10px 0 0 0\">Correctly prepare your drink following this guide.<\/p>\n\t\t<\/div>\t\t\t\t<\/div>\n\t\t\t\t<\/div>\n\t\t\t\t\t<\/div>\n\t\t<\/div>\n\t\t\t\t\t<\/div>\n\t\t<\/section>\n\t\t\t\t\t<\/div>\n\t\t<\/div>\n\t\t\t\t\t<\/div>\n\t\t<\/section>\n\t\t\t\t<\/div>","protected":false},"excerpt":{"rendered":"<p>Contact us Alienum phaedrum torquatos nec eu, detr periculis ex, nihil expetendis in mei. Mei an pericula euripidis hinc partem ei estos. 27 Rue du Aire 60000 Till\u00e9, France Monday to Friday: 9am to 8pm sante@qodeinteractive.com \u00danete a nuestra comunidad Suscr\u00edbete para recibir actualizaciones en tu correo Preparaci\u00f3n Prepara correctamente tu bebida siguiendo esta gu\u00eda. [&hellip;]<\/p>\n","protected":false},"author":1,"featured_media":0,"parent":0,"menu_order":0,"comment_status":"closed","ping_status":"closed","template":"page-full-width.php","meta":{"footnotes":""},"class_list":["post-4680","page","type-page","status-publish","hentry"],"_links":{"self":[{"href":"https:\/\/valkyrie.mx\/en\/wp-json\/wp\/v2\/pages\/4680","targetHints":{"allow":["GET"]}}],"collection":[{"href":"https:\/\/valkyrie.mx\/en\/wp-json\/wp\/v2\/pages"}],"about":[{"href":"https:\/\/valkyrie.mx\/en\/wp-json\/wp\/v2\/types\/page"}],"author":[{"embeddable":true,"href":"https:\/\/valkyrie.mx\/en\/wp-json\/wp\/v2\/users\/1"}],"replies":[{"embeddable":true,"href":"https:\/\/valkyrie.mx\/en\/wp-json\/wp\/v2\/comments?post=4680"}],"version-history":[{"count":10,"href":"https:\/\/valkyrie.mx\/en\/wp-json\/wp\/v2\/pages\/4680\/revisions"}],"predecessor-version":[{"id":5514,"href":"https:\/\/valkyrie.mx\/en\/wp-json\/wp\/v2\/pages\/4680\/revisions\/5514"}],"wp:attachment":[{"href":"https:\/\/valkyrie.mx\/en\/wp-json\/wp\/v2\/media?parent=4680"}],"curies":[{"name":"wp","href":"https:\/\/api.w.org\/{rel}","templated":true}]}}